{"id":30954,"date":"2026-02-10T14:19:49","date_gmt":"2026-02-10T14:19:49","guid":{"rendered":"https:\/\/ibiza-boats.com\/eventos-en-barco-ibiza\/"},"modified":"2026-03-06T01:00:56","modified_gmt":"2026-03-06T01:00:56","slug":"eventos-en-barco-ibiza","status":"publish","type":"page","link":"https:\/\/ibiza-boats.com\/es\/eventos-en-barco-ibiza\/","title":{"rendered":"Eventos en barco Ibiza"},"content":{"rendered":"","protected":false},"excerpt":{"rendered":"","protected":false},"author":1,"featured_media":0,"parent":0,"menu_order":0,"comment_status":"closed","ping_status":"closed","template":"","meta":{"_acf_changed":false},"class_list":["post-30954","page","type-page","status-publish","hentry"],"acf":{"body-flex":[{"acf_fc_layout":"hero","hero_component_pre-title":"","hero_component_title":"Eventos en barco Ibiza","hero_component_text":"","hero_component_img":30945,"hero_component_video":null,"hero_component_video_poster":null,"hero_component_btn":{"label":"","link":""},"hero_component_option_show":true,"hero_component_option_headline-tag":"h1","hero_component_option_layout":"medium-hero","hero_component_option_id-section":""},{"acf_fc_layout":"text-block","text_component_title":"Celebra tu evento en un barco privado en Ibiza","text_component_text-block":"Si quieres celebrar un evento a bordo, ya sea una despedida, un evento corporativo, una boda o cualquier otra ocasi\u00f3n especial, en Ibizaboats podemos organizar la experiencia perfecta para ti. Te ofrecemos la posibilidad de visitar lugares emblem\u00e1ticos como Formentera, Espalmador y calas secretas, todo ello mientras disfrutas de un d\u00eda a bordo con tu grupo de amigos. Podemos incluir m\u00fasica, DJ, camareros y espect\u00e1culos seg\u00fan tus preferencias.  ","text_component_btn":{"label":"Ponte en contacto","link":"#contact-form"},"text_component_option_show":true,"text_component_option_headline-tag":"h2","text_component_option_layout":"defaut","text_component_option_show-btn":true,"text_component_option_grey-bg":false,"text_component_option_mb-0":true,"text_component_option_id-section":""},{"acf_fc_layout":"gallery","gallery_component_gallery":[30959,30960,30955,30957,30956,30958],"gallery_component_option_show":true,"gallery_component_option_grey-bg":false,"gallery_component_option_mb-0":false,"gallery_component_option_id-section":""},{"acf_fc_layout":"cta","cta_component_text":{"title":"","text":""},"cta_component_image":30934,"cta_component_btn":{"label":"","link":""},"cta_component_option_show":true,"cta_component_option_custom":false,"cta_component_option_headline-tag":"h2","cta_component_option_id-section":""},{"acf_fc_layout":"media-text","media-text_component_title":"Barcos a Motor y Veleros para Eventos Privados en Ibiza","media-text_component_text-block":"Disponemos de una flota de barcos a motor y a vela, equipados con sistemas de sonido de alta calidad, con capacidad para grupos de 6 a 100 personas. Nuestros capitanes son altamente profesionales, con amplios conocimientos de la costa y de las actividades que puedes disfrutar durante el d\u00eda. ","media-text_component_image":30961,"media-text_component_btn":{"label":"","link":""},"media-text_component_option_show":true,"media-text_component_option_headline-tag":"h2","media-text_component_option_show-btn":false,"media-text_component_option_order-alt":false,"media-text_component_option_grey-bg":true,"media-text_component_option_mb-0":true,"media-text_component_option_id-section":""},{"acf_fc_layout":"media-text","media-text_component_title":"Planificaci\u00f3n experta de eventos a bordo en Ibiza","media-text_component_text-block":"Te ofrecemos diferentes opciones personalizadas que se adaptan a tus gustos, avaladas por m\u00e1s de 15 a\u00f1os de experiencia en la organizaci\u00f3n de este tipo de eventos. Nuestro objetivo es que s\u00f3lo tengas que preocuparte de disfrutar y de hacer de ese d\u00eda una experiencia inolvidable. ","media-text_component_image":30962,"media-text_component_btn":{"label":"","link":""},"media-text_component_option_show":true,"media-text_component_option_headline-tag":"h2","media-text_component_option_show-btn":false,"media-text_component_option_order-alt":true,"media-text_component_option_grey-bg":true,"media-text_component_option_mb-0":false,"media-text_component_option_id-section":""},{"acf_fc_layout":"faq","faq_component_text":{"title":"Lorem ipsum dolor sit amet consectetur ","text-block":"Lorem ipsum dolor sit amet consectetur adipiscing elit pharetra risus posuere semper, sed sagittis nostra faucibus tristique ad varius at netus sodales, natoque ultrices penatibus magna facilisis arcu eget bibendum maecenas rhoncu"},"faq_component_listing":[{"question":"Lorem ipsum dolor sit amet consectetur adipisci","answer":"faucibus tristique ad varius at netus sodales, natoque ultrices penatibus magna facilisis arcu eget bibendum maecenas rhoncus. Imperdiet hac i "},{"question":"Lorem ipsum dolor sit amet consectetur adipiscing elit pha","answer":"Lorem ipsum dolor sit amet consectetur adipiscing elit pharetra risus posuere semper, sed sagittis nostra faucibus tristique ad varius at netus sodales, natoque ultrices penatibus magna facilisis arcu eget bibendum maecenas rhoncus. Imperdiet hac iaculis augue vitae torq "},{"question":"Lorem ipsum dolor sit amet consectetur ad","answer":"ipiscing elit pharetra risus posuere semper, sed sagittis nostra faucibus tristique ad varius at netus sodales, natoque ultrices penatibus magna facilisis arcu eget bibendum maecenas rhoncus. Imperdiet hac iaculis augue vitae torquen "},{"question":"Lorem ipsum dolor sit amet consectetur adipiscing elit ","answer":"Lorem ipsum dolor sit amet consectetur adipiscing elit pharetra risus posuere semper, sed sagittis nostra faucibus tristique ad varius at netus sodales, natoque ultrices penatibus magna facilisis arcu eget bibendum maecenas rhonc"}],"faq_component_option_show":true,"faq_component_option_custom-text":false,"faq_component_option_headline-tag":"h2","faq_component_option_grey-bg":false,"faq_component_option_mb-0":false,"faq_component_option_id-section":""},{"acf_fc_layout":"contact-sec","contact-section_component_text":{"title":"","text-block":""},"contact-section_component_option_show":true,"contact-section_component_option_layout":"contact-section","contact-section_component_option_show-text":false,"contact-section_component_option_headline-tag":"h2","contact-section_component_option_grey-bg":true,"contact-section_component_option_mb-0":false,"contact-section_component_option_id-section":"contact-form"}],"layout-styles":{"header-black":false,"footer-grey":false}},"_links":{"self":[{"href":"https:\/\/ibiza-boats.com\/es\/wp-json\/wp\/v2\/pages\/30954","targetHints":{"allow":["GET"]}}],"collection":[{"href":"https:\/\/ibiza-boats.com\/es\/wp-json\/wp\/v2\/pages"}],"about":[{"href":"https:\/\/ibiza-boats.com\/es\/wp-json\/wp\/v2\/types\/page"}],"author":[{"embeddable":true,"href":"https:\/\/ibiza-boats.com\/es\/wp-json\/wp\/v2\/users\/1"}],"replies":[{"embeddable":true,"href":"https:\/\/ibiza-boats.com\/es\/wp-json\/wp\/v2\/comments?post=30954"}],"version-history":[{"count":1,"href":"https:\/\/ibiza-boats.com\/es\/wp-json\/wp\/v2\/pages\/30954\/revisions"}],"predecessor-version":[{"id":31315,"href":"https:\/\/ibiza-boats.com\/es\/wp-json\/wp\/v2\/pages\/30954\/revisions\/31315"}],"wp:attachment":[{"href":"https:\/\/ibiza-boats.com\/es\/wp-json\/wp\/v2\/media?parent=30954"}],"curies":[{"name":"wp","href":"https:\/\/api.w.org\/{rel}","templated":true}]}}