{"id":30949,"date":"2026-02-10T14:18:04","date_gmt":"2026-02-10T14:18:04","guid":{"rendered":"https:\/\/ibiza-boats.com\/alquiler-catamaran-velero-ibiza\/"},"modified":"2026-03-10T19:52:51","modified_gmt":"2026-03-10T19:52:51","slug":"alquiler-catamaran-velero-ibiza","status":"publish","type":"page","link":"https:\/\/ibiza-boats.com\/es\/alquiler-catamaran-velero-ibiza\/","title":{"rendered":"Alquiler Catamaran Velero Ibiza"},"content":{"rendered":"","protected":false},"excerpt":{"rendered":"","protected":false},"author":1,"featured_media":0,"parent":0,"menu_order":0,"comment_status":"closed","ping_status":"closed","template":"","meta":{"_acf_changed":false},"class_list":["post-30949","page","type-page","status-publish","hentry"],"acf":{"body-flex":[{"acf_fc_layout":"hero","hero_component_pre-title":"","hero_component_title":"Alquiler de Catamar\u00e1n y Veleros en ##Ibiza##","hero_component_text":"","hero_component_img":30950,"hero_component_video":null,"hero_component_video_poster":null,"hero_component_btn":{"label":"","link":""},"hero_component_option_show":true,"hero_component_option_headline-tag":"h2","hero_component_option_layout":"medium-hero","hero_component_option_id-section":""},{"acf_fc_layout":"grid-boat","grid-boat_options_show":true,"grid-boat_options_layout":"catamaran-sailboat","grid-boat_options_grey-bg":false,"grid-boat_options_mb-0":false,"grid-boat_options_id-section":""},{"acf_fc_layout":"cta","cta_component_text":{"title":"\u00bfListo para zarpar?","text":"Reserva hoy mismo tu catamar\u00e1n o velero y disfruta de una experiencia \u00fanica en las Islas Baleares."},"cta_component_image":30939,"cta_component_btn":{"label":"Alquilar ahora","link":"#contact-form"},"cta_component_option_show":true,"cta_component_option_custom":true,"cta_component_option_headline-tag":"h2","cta_component_option_id-section":""},{"acf_fc_layout":"text-block","text_component_title":"Alquiler exclusivo de catamaranes y veleros ##en Ibiza##","text_component_text-block":"Navegar por las cristalinas aguas del Mediterr\u00e1neo a bordo de un catamar\u00e1n o un velero ofrece la combinaci\u00f3n definitiva de comodidad y aventura. Nuestra flota premium en Ibiza ofrece una amplia gama de embarcaciones, lo que garantiza que, tanto si prefiere la elegancia cl\u00e1sica de un velero como el espacioso lujo de un catamar\u00e1n, su viaje se adapte perfectamente a sus necesidades. \n\nYa sea que est\u00e9 planeando una escapada rom\u00e1ntica, una animada fiesta con amigos, una despedida de soltera \u00fanica o un evento corporativo de gran impacto, tenemos el barco ideal para su viaje. Nos especializamos en encontrar el barco perfecto para su visi\u00f3n: \n<ul>\n \t<li>Veleros aut\u00e9nticos: elija la elegancia cl\u00e1sica de un velero para disfrutar de una conexi\u00f3n \u00edntima y aut\u00e9ntica con el mar. Son perfectos para aquellos que buscan una sensaci\u00f3n de navegaci\u00f3n tradicional y un v\u00ednculo m\u00e1s estrecho con la brisa mediterr\u00e1nea. <\/li>\n \t<li>Catamaranes de lujo: si valora el espacio y la estabilidad, nuestros catamaranes ofrecen una comodidad sin igual. Con capacidades que van desde 6 hasta 100 personas, son la mejor opci\u00f3n para grupos grandes y celebraciones importantes en las que el espacio social es fundamental. <\/li>\n<\/ul>\nSean cuales sean sus preferencias, nuestra flota le garantiza una experiencia premium adaptada al tama\u00f1o y estilo de su grupo.","text_component_btn":{"label":"","link":""},"text_component_option_show":true,"text_component_option_headline-tag":"h2","text_component_option_layout":"defaut","text_component_option_show-btn":false,"text_component_option_grey-bg":false,"text_component_option_mb-0":false,"text_component_option_id-section":""},{"acf_fc_layout":"media-text","media-text_component_title":"Tipos de Catamaranes para ##alquilar en Ibiza##","media-text_component_text-block":"Con Ibiza Boats, tienes acceso a una amplia selecci\u00f3n de los mejores catamaranes en las Islas Baleares, equipados con todas las comodidades que mereces para unas vacaciones de ensue\u00f1o. \n\nHay una gran variedad de esloras, as\u00ed que no te preocupes si quieres navegar con un grupo grande o peque\u00f1o, hay un catamar\u00e1n perfecto para ti.","media-text_component_image":30952,"media-text_component_btn":{"label":"","link":""},"media-text_component_option_show":true,"media-text_component_option_headline-tag":"h2","media-text_component_option_show-btn":false,"media-text_component_option_order-alt":false,"media-text_component_option_grey-bg":true,"media-text_component_option_mb-0":false,"media-text_component_option_id-section":""},{"acf_fc_layout":"media-text","media-text_component_title":"Alquile un Velero ##por un d\u00eda##","media-text_component_text-block":"Experimente la brisa del mar en su cara alquilando un velero por un d\u00eda. Tanto si se trata de una aventura en solitario como de una excursi\u00f3n en grupo, un velero es una excelente opci\u00f3n para disfrutar del sol y del mar mientras navega por la impresionante costa de Ibiza. ","media-text_component_image":30951,"media-text_component_btn":{"label":"","link":""},"media-text_component_option_show":true,"media-text_component_option_headline-tag":"h2","media-text_component_option_show-btn":false,"media-text_component_option_order-alt":true,"media-text_component_option_grey-bg":false,"media-text_component_option_mb-0":false,"media-text_component_option_id-section":""},{"acf_fc_layout":"text-block","text_component_title":"Los mejores alquileres de Catamaranes y Veleros ##en Ibiza##","text_component_text-block":"Cuando planifiques tus pr\u00f3ximas vacaciones, ten en cuenta la experiencia incomparable de alquilar un catamar\u00e1n o un velero en Ibiza. Nuestra flota premium ofrece una variedad de opciones que se adaptan a tus necesidades, garantizando una aventura memorable en las impresionantes aguas del Mediterr\u00e1neo. \n\nYa sea que elija la estabilidad y el espacio de un catamar\u00e1n o la cl\u00e1sica y elegante sensaci\u00f3n de un velero, tendr\u00e1 la libertad de explorar las calas escondidas, las playas v\u00edrgenes y la vibrante vida nocturna de la isla a su propio ritmo. Desde escapadas rom\u00e1nticas hasta divertidos viajes con amigos, nuestros servicios de alquiler est\u00e1n dise\u00f1ados para brindar la m\u00e1xima comodidad a cada viajero. \n\nTodos nuestros barcos est\u00e1n completamente equipados con camarotes de lujo, cocinas, ba\u00f1os y amplios comedores: todo lo que necesita para disfrutar de una semana perfecta en el mar.","text_component_btn":{"label":"","link":""},"text_component_option_show":true,"text_component_option_headline-tag":"h2","text_component_option_layout":"defaut","text_component_option_show-btn":false,"text_component_option_grey-bg":true,"text_component_option_mb-0":false,"text_component_option_id-section":""},{"acf_fc_layout":"faq","faq_component_text":{"title":"","text-block":""},"faq_component_listing":null,"faq_component_option_show":true,"faq_component_option_custom-text":false,"faq_component_option_headline-tag":"h2","faq_component_option_grey-bg":false,"faq_component_option_mb-0":false,"faq_component_option_id-section":""},{"acf_fc_layout":"contact-sec","contact-section_component_text":{"title":"","text-block":""},"contact-section_component_option_show":true,"contact-section_component_option_layout":"contact-section","contact-section_component_option_show-text":false,"contact-section_component_option_headline-tag":"h2","contact-section_component_option_grey-bg":true,"contact-section_component_option_mb-0":false,"contact-section_component_option_id-section":"contact-form"}],"layout-styles":{"header-black":false,"footer-grey":false}},"_links":{"self":[{"href":"https:\/\/ibiza-boats.com\/es\/wp-json\/wp\/v2\/pages\/30949","targetHints":{"allow":["GET"]}}],"collection":[{"href":"https:\/\/ibiza-boats.com\/es\/wp-json\/wp\/v2\/pages"}],"about":[{"href":"https:\/\/ibiza-boats.com\/es\/wp-json\/wp\/v2\/types\/page"}],"author":[{"embeddable":true,"href":"https:\/\/ibiza-boats.com\/es\/wp-json\/wp\/v2\/users\/1"}],"replies":[{"embeddable":true,"href":"https:\/\/ibiza-boats.com\/es\/wp-json\/wp\/v2\/comments?post=30949"}],"version-history":[{"count":1,"href":"https:\/\/ibiza-boats.com\/es\/wp-json\/wp\/v2\/pages\/30949\/revisions"}],"predecessor-version":[{"id":30953,"href":"https:\/\/ibiza-boats.com\/es\/wp-json\/wp\/v2\/pages\/30949\/revisions\/30953"}],"wp:attachment":[{"href":"https:\/\/ibiza-boats.com\/es\/wp-json\/wp\/v2\/media?parent=30949"}],"curies":[{"name":"wp","href":"https:\/\/api.w.org\/{rel}","templated":true}]}}