{"id":30943,"date":"2026-02-10T14:15:45","date_gmt":"2026-02-10T14:15:45","guid":{"rendered":"https:\/\/ibiza-boats.com\/alquiler-megayate-ibiza\/"},"modified":"2026-03-10T19:51:57","modified_gmt":"2026-03-10T19:51:57","slug":"alquiler-megayate-ibiza","status":"publish","type":"page","link":"https:\/\/ibiza-boats.com\/es\/alquiler-megayate-ibiza\/","title":{"rendered":"Alquiler Megayate Ibiza"},"content":{"rendered":"","protected":false},"excerpt":{"rendered":"","protected":false},"author":1,"featured_media":0,"parent":0,"menu_order":0,"comment_status":"closed","ping_status":"closed","template":"","meta":{"_acf_changed":false},"class_list":["post-30943","page","type-page","status-publish","hentry"],"acf":{"body-flex":[{"acf_fc_layout":"hero","hero_component_pre-title":"","hero_component_title":"Megayate en alquiler en ##Ibiza##","hero_component_text":"","hero_component_img":30944,"hero_component_video":null,"hero_component_video_poster":null,"hero_component_btn":{"label":"","link":""},"hero_component_option_show":true,"hero_component_option_headline-tag":"h1","hero_component_option_layout":"medium-hero","hero_component_option_id-section":""},{"acf_fc_layout":"grid-boat","grid-boat_options_show":true,"grid-boat_options_layout":"megayachts","grid-boat_options_grey-bg":false,"grid-boat_options_mb-0":false,"grid-boat_options_id-section":""},{"acf_fc_layout":"cta","cta_component_text":{"title":"Tu experiencia de lujo comienza aqu\u00ed","text":"Suba a bordo de nuestros exclusivos megayates y convierta su escapada al Mediterr\u00e1neo en un viaje de lujo inolvidable."},"cta_component_image":30945,"cta_component_btn":{"label":"Descubra Nuestros Megayates","link":"#contact-form"},"cta_component_option_show":true,"cta_component_option_custom":true,"cta_component_option_headline-tag":"h2","cta_component_option_id-section":""},{"acf_fc_layout":"text-block","text_component_title":"Descubre Ibiza desde ##el mar##","text_component_text-block":"Navegar por las aguas cristalinas del mar Mediterr\u00e1neo a bordo de un megayate es la combinaci\u00f3n perfecta de confort y estilo. En nuestra flota de megayates en alquiler en Ibiza, podr\u00e1s encontrar el que se adapte a tus necesidades. \n\n\u00bfBuscas alquilar un megayate para una escapada rom\u00e1ntica, una fiesta con amigos, una despedida de soltera o un evento corporativo? Nuestros megayates de lujo pueden acomodar de 6 a 100 personas. ","text_component_btn":{"label":"","link":""},"text_component_option_show":true,"text_component_option_headline-tag":"h2","text_component_option_layout":"defaut","text_component_option_show-btn":false,"text_component_option_grey-bg":true,"text_component_option_mb-0":false,"text_component_option_id-section":""},{"acf_fc_layout":"media-text","media-text_component_title":"Tipos de megayates ##disponibles##","media-text_component_text-block":"Con Ibiza Boats, tienes acceso a una amplia selecci\u00f3n de los mejores megayates en las Islas Baleares, equipados con todas las comodidades que mereces para unas vacaciones de ensue\u00f1o.<br><br>Hay una gran variedad de embarcaciones en diferentes esloras, as\u00ed que no te preocupes si quieres navegar con un grupo grande o peque\u00f1o, hay un megayate perfecto para ti.","media-text_component_image":30946,"media-text_component_btn":{"label":"ALQUILA TU MEGAYATE","link":"#contact-form"},"media-text_component_option_show":true,"media-text_component_option_headline-tag":"h2","media-text_component_option_show-btn":true,"media-text_component_option_order-alt":true,"media-text_component_option_grey-bg":false,"media-text_component_option_mb-0":true,"media-text_component_option_id-section":""},{"acf_fc_layout":"media-text","media-text_component_title":"Alquile un Megayate por una ##semana##","media-text_component_text-block":"Alquila un megayate por una semana y disfruta de unos d\u00edas sin preocupaciones, solo disfrutando del sol, la brisa mediterr\u00e1nea y visitando maravillosas calas, lugares de anclaje perfectos para una de estas espaciosas embarcaciones.<br><br>Todos nuestros megayates est\u00e1n equipados con cabinas de lujo, cocina, ba\u00f1os, comedor, todo lo que necesitas para disfrutar de una semana en el mar.","media-text_component_image":30947,"media-text_component_btn":{"label":"","link":""},"media-text_component_option_show":true,"media-text_component_option_headline-tag":"h2","media-text_component_option_show-btn":false,"media-text_component_option_order-alt":false,"media-text_component_option_grey-bg":false,"media-text_component_option_mb-0":false,"media-text_component_option_id-section":""},{"acf_fc_layout":"text-block","text_component_title":"Megayates exclusivos en alquiler ##ex Ibiza##","text_component_text-block":"Disfruta de la m\u00e1xima experiencia de lujo con alguno de nuestros exclusivo megayates de alquiler en Ibiza. Con servicios de \u00faltima generaci\u00f3n y un confort sin igual, nuestros megayates te dan el escenario perfecto para esas vacaciones que siempre has so\u00f1ado. \n\nTanto si planeas celebrar una fiesta a todo lujo como si simplemente quieres disfrutar de una escapada serena, nuestros megayates de alquiler en Ibiza satisfar\u00e1n todas tus expectativas. Recorre la impresionante costa mediterr\u00e1nea, sum\u00e9rgete en las impresionantes vistas y vive momentos inolvidables a bordo de nuestros megayates de alta gama. La verdadera experiencia de disfrutar el mar a bordo de un yate en alquiler en Ibiza comienza aqu\u00ed.  \n\nTodos nuestros megayates est\u00e1n equipados con camarotes de lujo, cocina, ba\u00f1os, comedor, todo lo necesario para disfrutar de una semana en el mar.","text_component_btn":{"label":"","link":""},"text_component_option_show":true,"text_component_option_headline-tag":"h2","text_component_option_layout":"defaut","text_component_option_show-btn":false,"text_component_option_grey-bg":true,"text_component_option_mb-0":false,"text_component_option_id-section":""},{"acf_fc_layout":"faq","faq_component_text":{"title":"Preguntas Frecuentes","text-block":"<p data-start=\"163\" data-end=\"374\">Planificar el alquiler de un megayate en Ibiza deber\u00eda ser tan sencillo como navegar por el Mediterr\u00e1neo. Aqu\u00ed encontrar\u00e1 respuestas a las preguntas m\u00e1s frecuentes sobre nuestros alquileres de megayates de lujo, nuestros servicios y el proceso de reserva. <\/p>"},"faq_component_listing":[{"question":"\u00bfCu\u00e1l es la diferencia entre un megayate y un yate?","answer":"Un megayate suele ser m\u00e1s grande y lujoso que un yate est\u00e1ndar. Mientras que los yates son perfectos para grupos peque\u00f1os y alquileres de un d\u00eda, los megayates ofrecen amplias cubiertas, m\u00faltiples camarotes de lujo, tripulaci\u00f3n profesional y servicios a bordo de primera calidad. Son ideales para estancias prolongadas, grupos grandes, eventos corporativos y celebraciones de alto nivel.  "},{"question":"\u00bfLos megayates se alquilan con patr\u00f3n?","answer":"S\u00ed. Todos nuestros megayates se alquilan con un patr\u00f3n profesional y, dependiendo del tama\u00f1o de la embarcaci\u00f3n, se pueden incluir tripulantes adicionales. Las embarcaciones no se alquilan sin patr\u00f3n para garantizar la seguridad, la comodidad y una experiencia de primera calidad.  "},{"question":"\u00bfCu\u00e1ntos invitados puede alojar un megayate?","answer":"Nuestros megayates pueden alojar a grupos de entre 6 y 100 personas, dependiendo de la embarcaci\u00f3n. Tanto si est\u00e1 planeando una escapada rom\u00e1ntica, una fiesta con amigos o un evento corporativo, tenemos la opci\u00f3n perfecta para usted. "},{"question":"\u00bfPuedo alquilar un megayate durante una semana completa?","answer":"Por supuesto. Ofrecemos alquileres semanales para los hu\u00e9spedes que deseen explorar a fondo Ibiza, Formentera y la costa mediterr\u00e1nea. Los alquileres semanales le permiten disfrutar de lujosos camarotes, comedores y todas las comodidades a bordo para vivir una experiencia inolvidable en el mar.  "},{"question":"\u00bfQu\u00e9 incluye el alquiler de un megayate?","answer":"Cada megayate incluye camarotes de lujo, ba\u00f1os, cocina, amplios salones y zonas para tomar el sol. La tripulaci\u00f3n profesional garantiza una experiencia perfecta. Las comodidades espec\u00edficas pueden variar en funci\u00f3n del yate, y le proporcionaremos todos los detalles antes de realizar la reserva.  "}],"faq_component_option_show":true,"faq_component_option_custom-text":false,"faq_component_option_headline-tag":"h2","faq_component_option_grey-bg":false,"faq_component_option_mb-0":false,"faq_component_option_id-section":""},{"acf_fc_layout":"contact-sec","contact-section_component_text":{"title":"","text-block":""},"contact-section_component_option_show":true,"contact-section_component_option_layout":"contact-section","contact-section_component_option_show-text":false,"contact-section_component_option_headline-tag":"h2","contact-section_component_option_grey-bg":true,"contact-section_component_option_mb-0":false,"contact-section_component_option_id-section":"contact-form"}],"layout-styles":{"header-black":false,"footer-grey":false}},"_links":{"self":[{"href":"https:\/\/ibiza-boats.com\/es\/wp-json\/wp\/v2\/pages\/30943","targetHints":{"allow":["GET"]}}],"collection":[{"href":"https:\/\/ibiza-boats.com\/es\/wp-json\/wp\/v2\/pages"}],"about":[{"href":"https:\/\/ibiza-boats.com\/es\/wp-json\/wp\/v2\/types\/page"}],"author":[{"embeddable":true,"href":"https:\/\/ibiza-boats.com\/es\/wp-json\/wp\/v2\/users\/1"}],"replies":[{"embeddable":true,"href":"https:\/\/ibiza-boats.com\/es\/wp-json\/wp\/v2\/comments?post=30943"}],"version-history":[{"count":1,"href":"https:\/\/ibiza-boats.com\/es\/wp-json\/wp\/v2\/pages\/30943\/revisions"}],"predecessor-version":[{"id":30948,"href":"https:\/\/ibiza-boats.com\/es\/wp-json\/wp\/v2\/pages\/30943\/revisions\/30948"}],"wp:attachment":[{"href":"https:\/\/ibiza-boats.com\/es\/wp-json\/wp\/v2\/media?parent=30943"}],"curies":[{"name":"wp","href":"https:\/\/api.w.org\/{rel}","templated":true}]}}