{"id":30937,"date":"2026-02-10T14:16:24","date_gmt":"2026-02-10T14:16:24","guid":{"rendered":"https:\/\/ibiza-boats.com\/alquiler-yates-ibiza\/"},"modified":"2026-03-10T19:23:56","modified_gmt":"2026-03-10T19:23:56","slug":"alquiler-yates-ibiza","status":"publish","type":"page","link":"https:\/\/ibiza-boats.com\/es\/alquiler-yates-ibiza\/","title":{"rendered":"Alquiler Yates Ibiza"},"content":{"rendered":"","protected":false},"excerpt":{"rendered":"","protected":false},"author":1,"featured_media":0,"parent":0,"menu_order":0,"comment_status":"closed","ping_status":"closed","template":"","meta":{"_acf_changed":false},"class_list":["post-30937","page","type-page","status-publish","hentry"],"acf":{"body-flex":[{"acf_fc_layout":"hero","hero_component_pre-title":"","hero_component_title":"Alquiler de Yates ##Ibiza##","hero_component_text":"","hero_component_img":30938,"hero_component_video":null,"hero_component_video_poster":null,"hero_component_btn":{"label":"","link":""},"hero_component_option_show":true,"hero_component_option_headline-tag":"h1","hero_component_option_layout":"medium-hero","hero_component_option_id-section":""},{"acf_fc_layout":"grid-boat","grid-boat_options_show":true,"grid-boat_options_layout":"yachts","grid-boat_options_grey-bg":false,"grid-boat_options_mb-0":false,"grid-boat_options_id-section":""},{"acf_fc_layout":"cta","cta_component_text":{"title":"Tipos de yates disponibles para alquiler en in Ibiza","text":"Nuestra flota es diversa, con embarcaciones de varios tama\u00f1os, todas equipadas con las comodidades que puedes esperar en un yate de lujo."},"cta_component_image":30939,"cta_component_btn":{"label":"Descubra nuestros yates","link":"#contact-form"},"cta_component_option_show":true,"cta_component_option_custom":true,"cta_component_option_headline-tag":"h2","cta_component_option_id-section":""},{"acf_fc_layout":"media-text","media-text_component_title":" Lo \u00faltimo en lujo y aventura con Alquiler Barcos ##Ibiza##","media-text_component_text-block":"Experimente lo \u00faltimo en lujo y aventura con nuestros servicios de alquiler de yates en Ibiza. En Ibiza Boats, ofrecemos una variada flota de yates de primer nivel, que van desde elegantes lanchas r\u00e1pidas hasta opulentos megayates, asegur\u00e1ndonos de que encuentre la embarcaci\u00f3n perfecta que se adapte a sus preferencias. Tanto si est\u00e1 planeando una tranquila navegaci\u00f3n a lo largo de la costa como un emocionante paseo en lancha r\u00e1pida, nuestro experimentado equipo est\u00e1 dedicado a hacer de su alquiler de yates en Ibiza una experiencia inolvidable. Explore las impresionantes aguas de Ibiza y disfrute del lujo y el confort que s\u00f3lo un yate privado puede proporcionar.   ","media-text_component_image":30940,"media-text_component_btn":{"label":"","link":""},"media-text_component_option_show":true,"media-text_component_option_headline-tag":"h2","media-text_component_option_show-btn":false,"media-text_component_option_order-alt":false,"media-text_component_option_grey-bg":false,"media-text_component_option_mb-0":false,"media-text_component_option_id-section":""},{"acf_fc_layout":"media-text","media-text_component_title":" Descubra la costa de Ibiza con Yacht Charters ##Ibiza##","media-text_component_text-block":"Descubra la belleza de la costa de Ibiza con nuestros servicios de alquiler de yates a medida. Ibiza Boats es su proveedor de alquiler de yates excepcional, ofreciendo una amplia selecci\u00f3n de embarcaciones, incluyendo veleros, catamaranes y yates de lujo. Con m\u00e1s de 20 a\u00f1os de experiencia, le garantizamos un viaje inolvidable adaptado a sus deseos. Tanto si celebra una ocasi\u00f3n especial como si busca una aventura \u00fanica, nuestros charters est\u00e1n dise\u00f1ados para proporcionarle un lujo y una emoci\u00f3n sin igual. Emb\u00e1rquese en un viaje memorable y cree recuerdos duraderos con Ibiza Boats.    ","media-text_component_image":30941,"media-text_component_btn":{"label":"","link":""},"media-text_component_option_show":true,"media-text_component_option_headline-tag":"h2","media-text_component_option_show-btn":false,"media-text_component_option_order-alt":true,"media-text_component_option_grey-bg":true,"media-text_component_option_mb-0":false,"media-text_component_option_id-section":""},{"acf_fc_layout":"faq","faq_component_text":{"title":"","text-block":""},"faq_component_listing":null,"faq_component_option_show":true,"faq_component_option_custom-text":false,"faq_component_option_headline-tag":"h2","faq_component_option_grey-bg":false,"faq_component_option_mb-0":false,"faq_component_option_id-section":""},{"acf_fc_layout":"contact-sec","contact-section_component_text":{"title":"","text-block":""},"contact-section_component_option_show":true,"contact-section_component_option_layout":"contact-section","contact-section_component_option_show-text":false,"contact-section_component_option_headline-tag":"h2","contact-section_component_option_grey-bg":true,"contact-section_component_option_mb-0":false,"contact-section_component_option_id-section":"contact-form"}],"layout-styles":{"header-black":false,"footer-grey":false}},"_links":{"self":[{"href":"https:\/\/ibiza-boats.com\/es\/wp-json\/wp\/v2\/pages\/30937","targetHints":{"allow":["GET"]}}],"collection":[{"href":"https:\/\/ibiza-boats.com\/es\/wp-json\/wp\/v2\/pages"}],"about":[{"href":"https:\/\/ibiza-boats.com\/es\/wp-json\/wp\/v2\/types\/page"}],"author":[{"embeddable":true,"href":"https:\/\/ibiza-boats.com\/es\/wp-json\/wp\/v2\/users\/1"}],"replies":[{"embeddable":true,"href":"https:\/\/ibiza-boats.com\/es\/wp-json\/wp\/v2\/comments?post=30937"}],"version-history":[{"count":1,"href":"https:\/\/ibiza-boats.com\/es\/wp-json\/wp\/v2\/pages\/30937\/revisions"}],"predecessor-version":[{"id":30942,"href":"https:\/\/ibiza-boats.com\/es\/wp-json\/wp\/v2\/pages\/30937\/revisions\/30942"}],"wp:attachment":[{"href":"https:\/\/ibiza-boats.com\/es\/wp-json\/wp\/v2\/media?parent=30937"}],"curies":[{"name":"wp","href":"https:\/\/api.w.org\/{rel}","templated":true}]}}