{"id":30896,"date":"2026-02-03T00:33:56","date_gmt":"2026-02-03T00:33:56","guid":{"rendered":"https:\/\/ibiza-boats.com\/alquiler-de-barcos-en-ibiza\/"},"modified":"2026-03-06T14:23:42","modified_gmt":"2026-03-06T14:23:42","slug":"alquiler-de-barcos-en-ibiza","status":"publish","type":"page","link":"https:\/\/ibiza-boats.com\/es\/","title":{"rendered":"Alquiler de barcos en Ibiza"},"content":{"rendered":"","protected":false},"excerpt":{"rendered":"","protected":false},"author":1,"featured_media":0,"parent":0,"menu_order":0,"comment_status":"closed","ping_status":"closed","template":"","meta":{"_acf_changed":false},"class_list":["post-30896","page","type-page","status-publish","hentry"],"acf":{"body-flex":[{"acf_fc_layout":"hero","hero_component_pre-title":"Ibiza Boats: tu empresa n\u00e1utica de confianza","hero_component_title":"Alquiler de barcos en ##Ibiza##","hero_component_text":"\u00a1Mereces solo lo mejor! Descubre la magia de Ibiza y sus incomparables aguas cristalinas a bordo de nuestras embarcaciones. ","hero_component_img":"","hero_component_video":31519,"hero_component_video_poster":30897,"hero_component_btn":{"label":"Conoce nuestros barcos","link":"#info-boat"},"hero_component_option_show":true,"hero_component_option_headline-tag":"h1","hero_component_option_layout":"full-hero","hero_component_option_id-section":""},{"acf_fc_layout":"text-block","text_component_title":"Alquiler de Yates ##Ibiza##","text_component_text-block":"Vive una experiencia \u00fanica en Ibiza. Ya sea que quieras sentir la brisa o la emoci\u00f3n sobre las olas, tenemos el yate perfecto para ti. \r\n\r\n\u00bfNuevo en el Alquiler de Yates? Descubre c\u00f3mo hacer que tu Experiencia en Ibiza sea Inolvidable ","text_component_btn":{"label":"Ponte en contacto","link":"#contact-form"},"text_component_option_show":true,"text_component_option_headline-tag":"h2","text_component_option_layout":"defaut","text_component_option_show-btn":true,"text_component_option_grey-bg":false,"text_component_option_mb-0":true,"text_component_option_id-section":"info-boat"},{"acf_fc_layout":"explore-items","explore-items_component_text":{"title":"","text-block":""},"explore-items_component_listing":[{"img":31436,"title":"Alquiler de megayates en ##Ibiza##","description":"Disfruta del verdadero lujo y comodidad a bordo de nuestros megayates, cada uno de m\u00e1s de 30 metros de largo.","btn-main":{"label":"Nuestra flota","link":"https:\/\/ibiza-boats.com\/es\/alquiler-megayate-ibiza\/"}},{"img":31454,"title":"Alquiler de yates en ##Ibiza##","description":"Elige entre nuestra flota de m\u00e1s de 30 yates de lujo, cada uno equipado con todas las comodidades que necesitas.","btn-main":{"label":"Nuestra flota","link":"https:\/\/ibiza-boats.com\/es\/alquiler-yates-ibiza\/"}},{"img":30901,"title":"Alquiler de lanchas r\u00e1pidas en ##Ibiza##","description":"Elegantes y con estilo en el agua, nuestras lanchas en Ibiza ofrecen experiencias llenas de emoci\u00f3n y adrenalina.","btn-main":{"label":"Nuestra flota","link":"https:\/\/ibiza-boats.com\/es\/lanchas-rapidas-alquiler\/"}},{"img":30897,"title":"Alquiler de Catamar\u00e1n o Velero en ##Ibiza##","description":"Disfruta del lujo en catamaranes y veleros. Con espacio para grupos grandes o una navegaci\u00f3n m\u00e1s \u00edntima, organizamos desde escapadas rom\u00e1nticas hasta eventos corporativos. ","btn-main":{"label":"Nuestra flota","link":"https:\/\/ibiza-boats.com\/es\/alquiler-catamaran-velero-ibiza\/"}}],"explore-items_component_option_show":true,"explore-items_component_option_layout-slider":false,"explore-items_component_option_show-text":false,"explore-items_component_option_headline-tag":"h2","explore-items_component_option_grey-bg":false,"explore-items_component_option_mb-0":false,"explore-items_component_option_id-section":""},{"acf_fc_layout":"grid-card","card-grid_component_text":{"title":"Lo que nos hace ##diferentes##","text-block":"<p data-start=\"243\" data-end=\"322\">Bienvenido a IBIZA BOATS, tu principal empresa de alquiler de barcos en Ibiza.<\/p>\r\n<p data-start=\"243\" data-end=\"322\">Emb\u00e1rcate en un viaje inolvidable mientras exploras las impresionantes costas de Ibiza y Formentera. Ya sea que busque el lujo de un yate, la serenidad de un velero o la amplitud de un catamar\u00e1n, tenemos la embarcaci\u00f3n perfecta para ti. <\/p>","btn":{"label":"Ponte en contacto","link":"#contact-form"}},"card-grid_component_listing":[{"icon":{"type":"media_library","value":"1083"},"title":"M\u00e1s de 30 a\u00f1os de experiencia","desc":"Nacido y criado en Ibiza. Desde 1993, nos dedicamos a brindar un servicio de primer nivel en alquiler de yates de lujo. "},{"icon":{"type":"media_library","value":"1164"},"title":"Precios competitivos","desc":"Ofrecemos la mejor relaci\u00f3n calidad-precio de la zona."},{"icon":{"type":"media_library","value":"1167"},"title":"Servicio al cliente excepcional","desc":"Nos enorgullecemos de brindar un servicio personalizado. Cualquier cosa que necesites, podemos hacerla realidad para ti. "},{"icon":{"type":"media_library","value":"1165"},"title":"Patrones Profesionales","desc":"Nuestro equipo de patrones profesionales son navegantes experimentados, hablan varios idiomas con fluidez y tienen un gran conocimiento de la isla."}],"card-grid_component_option_show":true,"card-grid_component_option_show-btn":true,"card-grid_component_option_headline-tag":"h2","card-grid_component_option_grey-bg":true,"card-grid_component_option_mb-0":false,"card-grid_component_option_id-section":""},{"acf_fc_layout":"text-block","text_component_title":"Los m\u00e1s solicitados ##Alquiler de Barcos##","text_component_text-block":"Descubre nuestra impresionante flota de yates, megayates, catamaranes, veleros y lanchas r\u00e1pidas, todos equipados para ofrecerte una experiencia de navegaci\u00f3n \u00fanica en Ibiza y Formentera.","text_component_btn":{"label":"","link":""},"text_component_option_show":true,"text_component_option_headline-tag":"h2","text_component_option_layout":"center-desktop","text_component_option_show-btn":false,"text_component_option_grey-bg":false,"text_component_option_mb-0":true,"text_component_option_id-section":""},{"acf_fc_layout":"grid-boat","grid-boat_options_show":true,"grid-boat_options_layout":"home","grid-boat_options_grey-bg":false,"grid-boat_options_mb-0":false,"grid-boat_options_id-section":""},{"acf_fc_layout":"media-text","media-text_component_title":"Conoce ##Ibiza Boats##","media-text_component_text-block":"Somos una de las agencias de alquiler de embarcaciones con m\u00e1s experiencia en Ibiza y Formentera. Con el s\u00f3lido conocimiento del sector n\u00e1utico que s\u00f3lo a\u00f1os de experiencia pueden dar, estamos orgullosos de ofrecer el mejor servicio a los clientes m\u00e1s exigentes. \r\n\r\n\u00bfNecesitas un barco? \u00bfQuieres vivir la experiencia de navegar por las aguas del Mediterr\u00e1neo bajo un sol radiante y disfrutar de Ibiza desde el amanecer hasta el anochecer? Tus sue\u00f1os est\u00e1n a solo una llamada de distancia...  ","media-text_component_image":30916,"media-text_component_btn":{"label":"Ponte en contacto","link":"#contact-form"},"media-text_component_option_show":true,"media-text_component_option_headline-tag":"h2","media-text_component_option_show-btn":true,"media-text_component_option_order-alt":false,"media-text_component_option_grey-bg":true,"media-text_component_option_mb-0":false,"media-text_component_option_id-section":""},{"acf_fc_layout":"explore-items","explore-items_component_text":{"title":"Conozca nuestros otros ##servicios##","text-block":""},"explore-items_component_listing":[{"img":30911,"title":"Veleros","description":"Navegar por la isla en velero es una de las experiencias m\u00e1s relajantes que puedes vivir en el Mediterr\u00e1neo.","btn-main":{"label":"Consultar por veleros","link":"https:\/\/wa.me\/34671338141?text=Hola%2C%20me%20gustar%C3%ADa%20informaci%C3%B3n%20sobre%20sus%20veleros.%20Disponibilidad%20y%20precio%2C%20por%20favor"}},{"img":30912,"title":"Eventos a Bordo","description":"Podemos organizar despedidas de soltera, celebraciones de bodas, reuniones corporativas, tours y m\u00e1s en nuestros barcos.","btn-main":{"label":"Saber m\u00e1s","link":"https:\/\/ibiza-boats.com\/es\/eventos-en-barco-ibiza\/"}},{"img":1653,"title":"Barcos en Venta","description":"Embarcaciones nuevas y de segunda mano. Preg\u00fantanos y te guiaremos hasta tu barco ideal, sin compromiso. ","btn-main":{"label":"Te guiamos en tu compra","link":"https:\/\/wa.me\/34671338141?text=Hola%2C%20estoy%20buscando%20un%20barco%20para%20comprar.%20%C2%BFMe%20pueden%20asesorar%3F"}},{"img":30915,"title":"Otros alquileres en Ibiza","description":"Si buscas un barco especial que no est\u00e1 en nuestros listados principales.","btn-main":{"label":"Consultar por otros alquileres","link":"https:\/\/wa.me\/34671338141?text=Hola%2C%20estoy%20buscando%20un%20barco%20para%20comprar.%20%C2%BFMe%20pueden%20asesorar%3F"}},{"img":30914,"title":"Servicios VIP en Ibiza","description":"Servicios de gesti\u00f3n que van desde alquiler de villas, jet privado, servicios de guardaespaldas y coches de lujo.","btn-main":{"label":"Consultar por Servicio VIP","link":"https:\/\/wa.me\/34671338141?text=Hola%2C%20me%20gustar%C3%ADa%20tener%20m%C3%A1s%20detalles%20sobre%20sus%20servicios%20VIP%20de%20conserjer%C3%ADa%20en%20Ibiza"}}],"explore-items_component_option_show":true,"explore-items_component_option_layout-slider":true,"explore-items_component_option_show-text":true,"explore-items_component_option_headline-tag":"h2","explore-items_component_option_grey-bg":false,"explore-items_component_option_mb-0":false,"explore-items_component_option_id-section":""},{"acf_fc_layout":"testimonials","testimonials_component_title":"Testimonios","testimonials_component_text-block":"La mejor manera de ver Ibiza es desde el mar. Comienza tu propia experiencia. ","testimonials_component_option_show":true,"testimonials_component_option_headline-tag":"h3","testimonials_component_option_grey-bg":true,"testimonials_component_option_mb-0":false,"testimonials_component_option_id-section":""},{"acf_fc_layout":"gallery","gallery_component_gallery":[30913,30914,30915,30916,30917],"gallery_component_option_show":false,"gallery_component_option_grey-bg":true,"gallery_component_option_mb-0":true,"gallery_component_option_id-section":"test-id-gallery"},{"acf_fc_layout":"blog","blog_component_tex":{"title":"\u00daltimas ##noticias##","text-block":"Las \u00faltimas novedades de Ibiza, el mundo de la n\u00e1utica, ofertas y promociones en alquiler de embarcaciones.<br>"},"blog_component_option_show":true,"blog_component_option_layout":"blog-section","blog_component_option_headline-tag":"h2","blog_component_option_grey-bg":false,"blog_component_option_mb-0":false,"blog_component_option_id-section":""},{"acf_fc_layout":"contact-sec","contact-section_component_text":{"title":"","text-block":""},"contact-section_component_option_show":true,"contact-section_component_option_layout":"contact-section","contact-section_component_option_show-text":false,"contact-section_component_option_headline-tag":"h2","contact-section_component_option_grey-bg":true,"contact-section_component_option_mb-0":false,"contact-section_component_option_id-section":"contact-form"}],"layout-styles":{"header-black":false,"footer-grey":false}},"_links":{"self":[{"href":"https:\/\/ibiza-boats.com\/es\/wp-json\/wp\/v2\/pages\/30896","targetHints":{"allow":["GET"]}}],"collection":[{"href":"https:\/\/ibiza-boats.com\/es\/wp-json\/wp\/v2\/pages"}],"about":[{"href":"https:\/\/ibiza-boats.com\/es\/wp-json\/wp\/v2\/types\/page"}],"author":[{"embeddable":true,"href":"https:\/\/ibiza-boats.com\/es\/wp-json\/wp\/v2\/users\/1"}],"replies":[{"embeddable":true,"href":"https:\/\/ibiza-boats.com\/es\/wp-json\/wp\/v2\/comments?post=30896"}],"version-history":[{"count":3,"href":"https:\/\/ibiza-boats.com\/es\/wp-json\/wp\/v2\/pages\/30896\/revisions"}],"predecessor-version":[{"id":31356,"href":"https:\/\/ibiza-boats.com\/es\/wp-json\/wp\/v2\/pages\/30896\/revisions\/31356"}],"wp:attachment":[{"href":"https:\/\/ibiza-boats.com\/es\/wp-json\/wp\/v2\/media?parent=30896"}],"curies":[{"name":"wp","href":"https:\/\/api.w.org\/{rel}","templated":true}]}}