{"id":31075,"date":"2026-02-10T14:15:45","date_gmt":"2026-02-10T14:15:45","guid":{"rendered":"https:\/\/ibiza-boats.com\/megayacht-zu-mieten-auf-ibiza\/"},"modified":"2026-03-10T19:52:26","modified_gmt":"2026-03-10T19:52:26","slug":"megayacht-zu-mieten-auf-ibiza","status":"publish","type":"page","link":"https:\/\/ibiza-boats.com\/de\/megayacht-zu-mieten-auf-ibiza\/","title":{"rendered":"Megayacht Zu Mieten auf Ibiza"},"content":{"rendered":"","protected":false},"excerpt":{"rendered":"","protected":false},"author":1,"featured_media":0,"parent":0,"menu_order":0,"comment_status":"closed","ping_status":"closed","template":"","meta":{"_acf_changed":false},"class_list":["post-31075","page","type-page","status-publish","hentry"],"acf":{"body-flex":[{"acf_fc_layout":"hero","hero_component_pre-title":"","hero_component_title":"Megayacht zu Mieten ##auf Ibiza##","hero_component_text":"","hero_component_img":31076,"hero_component_video":null,"hero_component_video_poster":null,"hero_component_btn":{"label":"","link":""},"hero_component_option_show":true,"hero_component_option_headline-tag":"h1","hero_component_option_layout":"medium-hero","hero_component_option_id-section":""},{"acf_fc_layout":"grid-boat","grid-boat_options_show":true,"grid-boat_options_layout":"megayachts","grid-boat_options_grey-bg":false,"grid-boat_options_mb-0":false,"grid-boat_options_id-section":""},{"acf_fc_layout":"cta","cta_component_text":{"title":"Ihr Luxuserlebnis beginnt hier","text":"Kommen Sie an Bord unserer exklusiven Megayachten und verwandeln Sie Ihren Mittelmeerurlaub in eine unvergessliche Luxusreise."},"cta_component_image":31077,"cta_component_btn":{"label":"Entdecken Sie unsere Megayachten","link":"#contact-form"},"cta_component_option_show":true,"cta_component_option_custom":true,"cta_component_option_headline-tag":"h2","cta_component_option_id-section":""},{"acf_fc_layout":"text-block","text_component_title":"Entdecken Sie Ibiza vom Meer aus","text_component_text-block":"Das Segeln auf dem kristallklaren Wasser des Mittelmeers an Bord einer Megayacht ist die perfekte Kombination aus Komfort und Stil. In unserer Flotte von Megayachten, die Sie auf Ibiza mieten k\u00f6nnen, finden Sie garantiert das passende Boot f\u00fcr Ihre Bed\u00fcrfnisse. \n\nM\u00f6chten Sie eine Megayacht f\u00fcr einen romantischen Urlaub, eine Party mit Freunden, einen Junggesellinnenabschied oder eine Firmenveranstaltung mieten? Unsere luxuri\u00f6sen Megayachten bieten Platz f\u00fcr 6 bis 100 Personen. ","text_component_btn":{"label":"","link":""},"text_component_option_show":true,"text_component_option_headline-tag":"h2","text_component_option_layout":"defaut","text_component_option_show-btn":false,"text_component_option_grey-bg":true,"text_component_option_mb-0":false,"text_component_option_id-section":""},{"acf_fc_layout":"media-text","media-text_component_title":"Arten von Megayachten ##Verf\u00fcgbar##","media-text_component_text-block":"Mit Ibiza Boats haben Sie Zugang zu einer gro\u00dfen Auswahl der besten Megayachten auf den Balearen, die mit allen Annehmlichkeiten ausgestattet sind, die Sie f\u00fcr einen Traumurlaub verdienen.\n\nEs gibt eine gro\u00dfe Auswahl an L\u00e4ngen, sodass Sie sich keine Gedanken dar\u00fcber machen m\u00fcssen, ob Sie mit einer gro\u00dfen oder kleinen Gruppe segeln m\u00f6chten \u2013 es gibt eine Megayacht, die genau zu Ihnen passt.","media-text_component_image":31078,"media-text_component_btn":{"label":"Chartern Sie Ihre Megayacht","link":"#contact-form"},"media-text_component_option_show":true,"media-text_component_option_headline-tag":"h2","media-text_component_option_show-btn":true,"media-text_component_option_order-alt":true,"media-text_component_option_grey-bg":false,"media-text_component_option_mb-0":true,"media-text_component_option_id-section":""},{"acf_fc_layout":"media-text","media-text_component_title":"Mieten Sie eine Megayacht f\u00fcr ##eine Woche##","media-text_component_text-block":"Mieten Sie eine Megayacht f\u00fcr eine Woche und verbringen Sie ein paar unbeschwerte Tage, genie\u00dfen Sie einfach die Sonne, die mediterrane Brise und besuchen Sie wundersch\u00f6ne Buchten, die perfekte Ankerpl\u00e4tze f\u00fcr eines dieser ger\u00e4umigen Boote sind.\n\nAlle unsere Megayachten sind mit luxuri\u00f6sen Kabinen, K\u00fcche, Badezimmern, Essbereich und allem ausgestattet, was Sie f\u00fcr eine Woche auf See ben\u00f6tigen.","media-text_component_image":31079,"media-text_component_btn":{"label":"","link":""},"media-text_component_option_show":true,"media-text_component_option_headline-tag":"h2","media-text_component_option_show-btn":false,"media-text_component_option_order-alt":false,"media-text_component_option_grey-bg":false,"media-text_component_option_mb-0":false,"media-text_component_option_id-section":""},{"acf_fc_layout":"text-block","text_component_title":"Exklusive Megayacht zu vermieten in ##Ibiza##","text_component_text-block":"G\u00f6nnen Sie sich das ultimative Luxuserlebnis mit unserer exklusiven Megayacht, die Sie auf Ibiza mieten k\u00f6nnen. Mit modernster Ausstattung und unvergleichlichem Komfort bieten unsere Megayachten den perfekten Rahmen f\u00fcr einen Traumurlaub. \n\nOb Sie eine rauschende Party veranstalten oder einen ruhigen Urlaub genie\u00dfen m\u00f6chten, unsere Megayacht-Charter auf Ibiza erf\u00fcllen Ihnen jeden Wunsch. Entdecken Sie die atemberaubende Mittelmeerk\u00fcste, genie\u00dfen Sie die herrliche Aussicht und schaffen Sie unvergessliche Erinnerungen an Bord unserer erstklassigen Megayachten. Ihr perfektes Yachtcharter-Erlebnis auf Ibiza beginnt hier.  \n\nAlle unsere Megayachten sind mit luxuri\u00f6sen Kabinen, K\u00fcche, Badezimmern, Essbereich und allem ausgestattet, was Sie f\u00fcr eine Woche auf See ben\u00f6tigen.","text_component_btn":{"label":"","link":""},"text_component_option_show":true,"text_component_option_headline-tag":"h2","text_component_option_layout":"defaut","text_component_option_show-btn":false,"text_component_option_grey-bg":true,"text_component_option_mb-0":false,"text_component_option_id-section":""},{"acf_fc_layout":"faq","faq_component_text":{"title":"H\u00e4ufig gestellte Fragen","text-block":"<p data-start=\"163\" data-end=\"374\">Die Planung eines Megayacht-Charters auf Ibiza sollte so reibungslos verlaufen wie das Segeln auf dem Mittelmeer. Hier finden Sie Antworten auf die h\u00e4ufigsten Fragen zu unseren Luxus-Megayacht-Charterangeboten, Dienstleistungen und dem Buchungsprozess. <\/p>"},"faq_component_listing":[{"question":"Was ist der Unterschied zwischen einer Megayacht und einer Yacht?","answer":"Eine Megayacht ist in der Regel gr\u00f6\u00dfer und luxuri\u00f6ser als eine Standardyacht. W\u00e4hrend Yachten perfekt f\u00fcr kleinere Gruppen und Tagescharter geeignet sind, bieten Megayachten gro\u00dfz\u00fcgige Decks, mehrere Luxuskabinen, eine professionelle Crew und erstklassige Annehmlichkeiten an Bord. Sie sind ideal f\u00fcr l\u00e4ngere Aufenthalte, gro\u00dfe Gruppen, Firmenveranstaltungen und gehobene Feierlichkeiten.  "},{"question":"Werden Megayachten mit Skipper vermietet?","answer":"Ja. Alle unsere Megayachten werden mit einem professionellen Skipper vermietet, und je nach Gr\u00f6\u00dfe des Schiffes k\u00f6nnen zus\u00e4tzliche Besatzungsmitglieder hinzukommen. Boote werden aus Sicherheits- und Komfortgr\u00fcnden sowie um ein erstklassiges Erlebnis zu gew\u00e4hrleisten nicht ohne Skipper vermietet.  "},{"question":"Wie viele G\u00e4ste kann eine Megayacht beherbergen?","answer":"Unsere Megayachten bieten Platz f\u00fcr Gruppen von 6 bis zu 100 G\u00e4sten, je nach Schiff. Ob Sie einen romantischen Kurzurlaub, eine Party mit Freunden oder eine Firmenveranstaltung planen, wir haben die perfekte Option f\u00fcr Sie. "},{"question":"Kann ich eine Megayacht f\u00fcr eine ganze Woche mieten?","answer":"Selbstverst\u00e4ndlich. Wir bieten Wochencharter f\u00fcr G\u00e4ste, die Ibiza, Formentera und die Mittelmeerk\u00fcste ausgiebig erkunden m\u00f6chten. Bei Wochencharter k\u00f6nnen Sie luxuri\u00f6se Kabinen, Speisebereiche und alle Annehmlichkeiten an Bord genie\u00dfen und so ein unvergessliches Erlebnis auf See erleben.  "},{"question":"Was ist in der Miete einer Megayacht enthalten?","answer":"Jede Megayacht verf\u00fcgt \u00fcber luxuri\u00f6se Kabinen, Badezimmer, K\u00fcchenausstattung, ger\u00e4umige Lounges und Sonnenbereiche. Die professionelle Crew sorgt f\u00fcr einen reibungslosen Ablauf. Die Ausstattung kann je nach Yacht variieren. Wir informieren Sie vor der Buchung ausf\u00fchrlich \u00fcber alle Details.  "}],"faq_component_option_show":true,"faq_component_option_custom-text":false,"faq_component_option_headline-tag":"h2","faq_component_option_grey-bg":false,"faq_component_option_mb-0":false,"faq_component_option_id-section":""},{"acf_fc_layout":"contact-sec","contact-section_component_text":{"title":"","text-block":""},"contact-section_component_option_show":true,"contact-section_component_option_layout":"contact-section","contact-section_component_option_show-text":false,"contact-section_component_option_headline-tag":"h2","contact-section_component_option_grey-bg":true,"contact-section_component_option_mb-0":false,"contact-section_component_option_id-section":"contact-form"}],"layout-styles":{"header-black":false,"footer-grey":false}},"_links":{"self":[{"href":"https:\/\/ibiza-boats.com\/de\/wp-json\/wp\/v2\/pages\/31075","targetHints":{"allow":["GET"]}}],"collection":[{"href":"https:\/\/ibiza-boats.com\/de\/wp-json\/wp\/v2\/pages"}],"about":[{"href":"https:\/\/ibiza-boats.com\/de\/wp-json\/wp\/v2\/types\/page"}],"author":[{"embeddable":true,"href":"https:\/\/ibiza-boats.com\/de\/wp-json\/wp\/v2\/users\/1"}],"replies":[{"embeddable":true,"href":"https:\/\/ibiza-boats.com\/de\/wp-json\/wp\/v2\/comments?post=31075"}],"version-history":[{"count":1,"href":"https:\/\/ibiza-boats.com\/de\/wp-json\/wp\/v2\/pages\/31075\/revisions"}],"predecessor-version":[{"id":31082,"href":"https:\/\/ibiza-boats.com\/de\/wp-json\/wp\/v2\/pages\/31075\/revisions\/31082"}],"wp:attachment":[{"href":"https:\/\/ibiza-boats.com\/de\/wp-json\/wp\/v2\/media?parent=31075"}],"curies":[{"name":"wp","href":"https:\/\/api.w.org\/{rel}","templated":true}]}}