{"id":31053,"date":"2026-02-10T14:19:49","date_gmt":"2026-02-10T14:19:49","guid":{"rendered":"https:\/\/ibiza-boats.com\/bootsveranstaltungen-ibiza\/"},"modified":"2026-03-05T19:35:09","modified_gmt":"2026-03-05T19:35:09","slug":"bootsveranstaltungen-ibiza","status":"publish","type":"page","link":"https:\/\/ibiza-boats.com\/de\/bootsveranstaltungen-ibiza\/","title":{"rendered":"Bootsveranstaltungen Ibiza"},"content":{"rendered":"","protected":false},"excerpt":{"rendered":"","protected":false},"author":1,"featured_media":0,"parent":0,"menu_order":0,"comment_status":"closed","ping_status":"closed","template":"","meta":{"_acf_changed":false},"class_list":["post-31053","page","type-page","status-publish","hentry"],"acf":{"body-flex":[{"acf_fc_layout":"hero","hero_component_pre-title":"","hero_component_title":"Bootsveranstaltungen Ibiza","hero_component_text":"","hero_component_img":31077,"hero_component_video":null,"hero_component_video_poster":null,"hero_component_btn":{"label":"","link":""},"hero_component_option_show":true,"hero_component_option_headline-tag":"h1","hero_component_option_layout":"medium-hero","hero_component_option_id-section":""},{"acf_fc_layout":"text-block","text_component_title":"Feiern Sie Ihre Veranstaltung auf einem privaten Boot auf Ibiza","text_component_text-block":"Wenn Sie eine Veranstaltung an Bord feiern m\u00f6chten, sei es eine Abschiedsparty, eine Firmenveranstaltung, eine Hochzeit oder ein anderer besonderer Anlass, k\u00f6nnen wir bei Ibizaboats das perfekte Erlebnis f\u00fcr Sie organisieren. Wir bieten Ihnen die M\u00f6glichkeit, ber\u00fchmte Orte wie Formentera, Espalmador und geheime Buchten zu besuchen und dabei einen Tag an Bord mit Ihrer Gruppe von Freunden zu genie\u00dfen. Je nach Ihren W\u00fcnschen k\u00f6nnen wir Musik, DJ, Kellner und Shows organisieren.<br>  ","text_component_btn":{"label":"Jetzt kontaktieren","link":"#contact-form"},"text_component_option_show":true,"text_component_option_headline-tag":"h2","text_component_option_layout":"defaut","text_component_option_show-btn":true,"text_component_option_grey-bg":false,"text_component_option_mb-0":true,"text_component_option_id-section":""},{"acf_fc_layout":"gallery","gallery_component_gallery":[31058,31059,31054,31056,31055,31057],"gallery_component_option_show":true,"gallery_component_option_grey-bg":false,"gallery_component_option_mb-0":false,"gallery_component_option_id-section":""},{"acf_fc_layout":"cta","cta_component_text":{"title":"","text":""},"cta_component_image":31066,"cta_component_btn":{"label":"","link":""},"cta_component_option_show":true,"cta_component_option_custom":false,"cta_component_option_headline-tag":"h2","cta_component_option_id-section":""},{"acf_fc_layout":"media-text","media-text_component_title":"Motor- und Segelboote f\u00fcr private Veranstaltungen auf Ibiza","media-text_component_text-block":"Wir verf\u00fcgen \u00fcber eine Flotte von Motor- und Segelbooten, die mit hochwertigen Soundsystemen ausgestattet sind und Platz f\u00fcr Gruppen von 6 bis 100 Personen bieten. Unsere Kapit\u00e4ne sind hochprofessionell und verf\u00fcgen \u00fcber umfassende Kenntnisse der K\u00fcste und der Aktivit\u00e4ten, die Sie tags\u00fcber unternehmen k\u00f6nnen. ","media-text_component_image":31060,"media-text_component_btn":{"label":"","link":""},"media-text_component_option_show":true,"media-text_component_option_headline-tag":"h2","media-text_component_option_show-btn":false,"media-text_component_option_order-alt":false,"media-text_component_option_grey-bg":true,"media-text_component_option_mb-0":true,"media-text_component_option_id-section":""},{"acf_fc_layout":"media-text","media-text_component_title":"Professionelle Eventplanung an Bord auf Ibiza","media-text_component_text-block":"Wir bieten Ihnen verschiedene personalisierte Optionen, die Ihrem Geschmack entsprechen und auf mehr als 15 Jahren Erfahrung in der Organisation solcher Veranstaltungen basieren. Unser Ziel ist es, dass Sie sich nur darum k\u00fcmmern m\u00fcssen, sich zu am\u00fcsieren und diesen Tag zu einem unvergesslichen Erlebnis zu machen. ","media-text_component_image":31061,"media-text_component_btn":{"label":"","link":""},"media-text_component_option_show":true,"media-text_component_option_headline-tag":"h2","media-text_component_option_show-btn":false,"media-text_component_option_order-alt":true,"media-text_component_option_grey-bg":true,"media-text_component_option_mb-0":false,"media-text_component_option_id-section":""},{"acf_fc_layout":"faq","faq_component_text":{"title":"Lorem ipsum dolor sit amet consectetur ","text-block":"Lorem ipsum dolor sit amet consectetur adipiscing elit pharetra risus posuere semper, sed sagittis nostra faucibus tristique ad varius at netus sodales, natoque ultrices penatibus magna facilisis arcu eget bibendum maecenas rhoncu"},"faq_component_listing":[{"question":"Lorem ipsum dolor sit amet consectetur adipisci","answer":"Von den Kehlen der Tristianer bis zu den verschiedenen und bekannten Gef\u00e4hrten und vom Geburtsort der Frauen des Haushalts herrscht gro\u00dfe Leichtigkeit: ein Bogen, ein Getr\u00e4nk, ein M\u00e4zen, ein Rhoncus. Imperdiet hac i "},{"question":"Lorem ipsum dolor sit amet consectetur adipiscing elit pha","answer":"Lorem ipsum dolor sit amet consectetur adipiscing elit pharetra risus posuere semper, sed sagittis nostra faucibus tristique ad varius at netus sodales, natoque ultrices penatibus magna facilisis arcu eget bibendum maecenas rhoncus. Imperdiet hac iaculis augue vitae torq "},{"question":"Lorem ipsum dolor sit amet consectetur ad","answer":"ipiscing elit pharetra risus posuere semper, sed sagittis nostra faucibus tristique ad varius at netus sodales, natoque ultrices penatibus magna facilisis arcu eget bibendum maecenas rhoncus. Imperdiet hac iaculis augue vitae torquen "},{"question":"Lorem ipsum dolor sit amet consectetur adipiscing elit ","answer":"Lorem ipsum dolor sit amet consectetur adipiscing elit pharetra risus posuere semper, sed sagittis nostra faucibus tristique ad varius at netus sodales, natoque ultrices penatibus magna facilisis arcu eget bibendum maecenas rhonc"}],"faq_component_option_show":true,"faq_component_option_custom-text":false,"faq_component_option_headline-tag":"h2","faq_component_option_grey-bg":false,"faq_component_option_mb-0":false,"faq_component_option_id-section":""},{"acf_fc_layout":"contact-sec","contact-section_component_text":{"title":"","text-block":""},"contact-section_component_option_show":true,"contact-section_component_option_layout":"contact-section","contact-section_component_option_show-text":false,"contact-section_component_option_headline-tag":"h2","contact-section_component_option_grey-bg":true,"contact-section_component_option_mb-0":false,"contact-section_component_option_id-section":"contact-form"}],"layout-styles":{"header-black":false,"footer-grey":false}},"_links":{"self":[{"href":"https:\/\/ibiza-boats.com\/de\/wp-json\/wp\/v2\/pages\/31053","targetHints":{"allow":["GET"]}}],"collection":[{"href":"https:\/\/ibiza-boats.com\/de\/wp-json\/wp\/v2\/pages"}],"about":[{"href":"https:\/\/ibiza-boats.com\/de\/wp-json\/wp\/v2\/types\/page"}],"author":[{"embeddable":true,"href":"https:\/\/ibiza-boats.com\/de\/wp-json\/wp\/v2\/users\/1"}],"replies":[{"embeddable":true,"href":"https:\/\/ibiza-boats.com\/de\/wp-json\/wp\/v2\/comments?post=31053"}],"version-history":[{"count":1,"href":"https:\/\/ibiza-boats.com\/de\/wp-json\/wp\/v2\/pages\/31053\/revisions"}],"predecessor-version":[{"id":31062,"href":"https:\/\/ibiza-boats.com\/de\/wp-json\/wp\/v2\/pages\/31053\/revisions\/31062"}],"wp:attachment":[{"href":"https:\/\/ibiza-boats.com\/de\/wp-json\/wp\/v2\/media?parent=31053"}],"curies":[{"name":"wp","href":"https:\/\/api.w.org\/{rel}","templated":true}]}}