{"id":31047,"date":"2026-02-25T16:25:03","date_gmt":"2026-02-25T16:25:03","guid":{"rendered":"https:\/\/ibiza-boats.com\/ueber-ibiza-boats\/"},"modified":"2026-03-05T16:58:12","modified_gmt":"2026-03-05T16:58:12","slug":"ueber-ibiza-boats","status":"publish","type":"page","link":"https:\/\/ibiza-boats.com\/de\/ueber-ibiza-boats\/","title":{"rendered":"\u00dcber Ibiza Boats"},"content":{"rendered":"","protected":false},"excerpt":{"rendered":"","protected":false},"author":1,"featured_media":0,"parent":0,"menu_order":0,"comment_status":"closed","ping_status":"closed","template":"","meta":{"_acf_changed":false},"class_list":["post-31047","page","type-page","status-publish","hentry"],"acf":{"body-flex":[{"acf_fc_layout":"hero","hero_component_pre-title":"","hero_component_title":"\u00dcber uns","hero_component_text":"","hero_component_img":31048,"hero_component_video":null,"hero_component_video_poster":null,"hero_component_btn":{"label":"","link":""},"hero_component_option_show":true,"hero_component_option_headline-tag":"h1","hero_component_option_layout":"medium-hero","hero_component_option_id-section":""},{"acf_fc_layout":"text-block","text_component_title":"\u00dcber Ibiza Boats","text_component_text-block":"Die Charterfirma IBIZA BOATS auf Ibiza bietet Ihnen die M\u00f6glichkeit, Boote (Yachten, Segelboote, Katamarane, Motorboote, Jetskis und andere Wasserfahrzeuge) auf Ibiza und Formentera zu mieten. Genie\u00dfen Sie das Chartern einer Yacht und entdecken Sie die K\u00fcste der Balearen (u. a. Ibiza und Formentera). Mieten Sie ein Segelboot und genie\u00dfen Sie den Sonnenuntergang auf Ibiza und Formentera, oder wenn Sie es vorziehen, das Mittelmeer mit einem gemieteten Katamaran auf unvergessliche Weise zu genie\u00dfen. Genie\u00dfen Sie die Ruhe des Meeres und den Charme Ibizas, seine Buchten, K\u00fcsten und sein Nachtleben.   ","text_component_btn":{"label":"","link":""},"text_component_option_show":true,"text_component_option_headline-tag":"h2","text_component_option_layout":"defaut","text_component_option_show-btn":false,"text_component_option_grey-bg":false,"text_component_option_mb-0":true,"text_component_option_id-section":""},{"acf_fc_layout":"gallery","gallery_component_gallery":[30601,29637,29397,3047,29280,2611,31070],"gallery_component_option_show":true,"gallery_component_option_grey-bg":false,"gallery_component_option_mb-0":false,"gallery_component_option_id-section":""},{"acf_fc_layout":"cta","cta_component_text":{"title":"","text":""},"cta_component_image":null,"cta_component_btn":{"label":"","link":""},"cta_component_option_show":true,"cta_component_option_custom":false,"cta_component_option_headline-tag":"h2","cta_component_option_id-section":""},{"acf_fc_layout":"contact-sec","contact-section_component_text":{"title":"","text-block":""},"contact-section_component_option_show":true,"contact-section_component_option_layout":"contact-section","contact-section_component_option_show-text":false,"contact-section_component_option_headline-tag":"h2","contact-section_component_option_grey-bg":true,"contact-section_component_option_mb-0":false,"contact-section_component_option_id-section":""}],"layout-styles":{"header-black":false,"footer-grey":false}},"_links":{"self":[{"href":"https:\/\/ibiza-boats.com\/de\/wp-json\/wp\/v2\/pages\/31047","targetHints":{"allow":["GET"]}}],"collection":[{"href":"https:\/\/ibiza-boats.com\/de\/wp-json\/wp\/v2\/pages"}],"about":[{"href":"https:\/\/ibiza-boats.com\/de\/wp-json\/wp\/v2\/types\/page"}],"author":[{"embeddable":true,"href":"https:\/\/ibiza-boats.com\/de\/wp-json\/wp\/v2\/users\/1"}],"replies":[{"embeddable":true,"href":"https:\/\/ibiza-boats.com\/de\/wp-json\/wp\/v2\/comments?post=31047"}],"version-history":[{"count":1,"href":"https:\/\/ibiza-boats.com\/de\/wp-json\/wp\/v2\/pages\/31047\/revisions"}],"predecessor-version":[{"id":31049,"href":"https:\/\/ibiza-boats.com\/de\/wp-json\/wp\/v2\/pages\/31047\/revisions\/31049"}],"wp:attachment":[{"href":"https:\/\/ibiza-boats.com\/de\/wp-json\/wp\/v2\/media?parent=31047"}],"curies":[{"name":"wp","href":"https:\/\/api.w.org\/{rel}","templated":true}]}}